{"id":153,"date":"2018-10-26T21:24:16","date_gmt":"2018-10-26T19:24:16","guid":{"rendered":"http:\/\/pascalhallou.com\/?page_id=153"},"modified":"2022-06-14T20:10:34","modified_gmt":"2022-06-14T18:10:34","slug":"evenements","status":"publish","type":"page","link":"https:\/\/pascalhallou.com\/?page_id=153","title":{"rendered":"\u00e9v\u00e9nements ( instants photographiques&#8230;"},"content":{"rendered":"<p><img loading=\"lazy\" decoding=\"async\" class=\"aligncenter size-large wp-image-1113\" src=\"https:\/\/pascalhallou.com\/wp-content\/uploads\/2020\/01\/DSC_0512-3-684x1024.jpg\" alt=\"\" width=\"684\" height=\"1024\" srcset=\"https:\/\/pascalhallou.com\/wp-content\/uploads\/2020\/01\/DSC_0512-3-684x1024.jpg 684w, https:\/\/pascalhallou.com\/wp-content\/uploads\/2020\/01\/DSC_0512-3-200x300.jpg 200w, https:\/\/pascalhallou.com\/wp-content\/uploads\/2020\/01\/DSC_0512-3-768x1150.jpg 768w, https:\/\/pascalhallou.com\/wp-content\/uploads\/2020\/01\/DSC_0512-3-1026x1536.jpg 1026w, https:\/\/pascalhallou.com\/wp-content\/uploads\/2020\/01\/DSC_0512-3-1368x2048.jpg 1368w, https:\/\/pascalhallou.com\/wp-content\/uploads\/2020\/01\/DSC_0512-3-scaled.jpg 1709w\" sizes=\"auto, (max-width: 684px) 100vw, 684px\" \/><\/p>\n<pre style=\"text-align: center;\"><span style=\"color: #000000;\"><em>Photomaton - 2019<\/em><\/span><\/pre>\n<p>&nbsp;<\/p>\n<p>&nbsp;<\/p>\n<p><img loading=\"lazy\" decoding=\"async\" class=\"aligncenter wp-image-1078\" src=\"https:\/\/pascalhallou.com\/wp-content\/uploads\/2019\/11\/DSCF5350-2-1024x754.jpg\" alt=\"\" width=\"1373\" height=\"1011\" srcset=\"https:\/\/pascalhallou.com\/wp-content\/uploads\/2019\/11\/DSCF5350-2-1024x754.jpg 1024w, https:\/\/pascalhallou.com\/wp-content\/uploads\/2019\/11\/DSCF5350-2-300x221.jpg 300w, https:\/\/pascalhallou.com\/wp-content\/uploads\/2019\/11\/DSCF5350-2-768x566.jpg 768w\" sizes=\"auto, (max-width: 1373px) 100vw, 1373px\" \/><\/p>\n<pre style=\"text-align: center;\"><span style=\"color: #000000;\"><em>Le G\u00e9ant - 2012<\/em><\/span><\/pre>\n<p>&nbsp;<\/p>\n<p>&nbsp;<\/p>\n<p><img loading=\"lazy\" decoding=\"async\" class=\"aligncenter wp-image-688\" src=\"https:\/\/pascalhallou.com\/wp-content\/uploads\/2019\/01\/DSC_4686-1024x684.jpg\" alt=\"\" width=\"1373\" height=\"917\" srcset=\"https:\/\/pascalhallou.com\/wp-content\/uploads\/2019\/01\/DSC_4686-1024x684.jpg 1024w, https:\/\/pascalhallou.com\/wp-content\/uploads\/2019\/01\/DSC_4686-300x200.jpg 300w, https:\/\/pascalhallou.com\/wp-content\/uploads\/2019\/01\/DSC_4686-768x513.jpg 768w\" sizes=\"auto, (max-width: 1373px) 100vw, 1373px\" \/><\/p>\n<pre style=\"text-align: center;\"><span style=\"color: #000000;\"><em>Jet Set - 2019<\/em><\/span><\/pre>\n<p>&nbsp;<\/p>\n<p>&nbsp;<\/p>\n<p><img loading=\"lazy\" decoding=\"async\" class=\"aligncenter wp-image-651\" src=\"https:\/\/pascalhallou.com\/wp-content\/uploads\/2019\/01\/DSCF6666-2-1024x768.jpg\" alt=\"\" width=\"1373\" height=\"1030\" srcset=\"https:\/\/pascalhallou.com\/wp-content\/uploads\/2019\/01\/DSCF6666-2-1024x768.jpg 1024w, https:\/\/pascalhallou.com\/wp-content\/uploads\/2019\/01\/DSCF6666-2-300x225.jpg 300w, https:\/\/pascalhallou.com\/wp-content\/uploads\/2019\/01\/DSCF6666-2-768x576.jpg 768w\" sizes=\"auto, (max-width: 1373px) 100vw, 1373px\" \/><\/p>\n<pre style=\"text-align: center;\"><span style=\"color: #000000;\"><em>La Place - 2014<\/em><\/span><\/pre>\n<p>&nbsp;<\/p>\n<p>&nbsp;<\/p>\n<p><img loading=\"lazy\" decoding=\"async\" class=\"aligncenter wp-image-653\" src=\"https:\/\/pascalhallou.com\/wp-content\/uploads\/2019\/01\/DSC_4738-1024x682.jpg\" alt=\"\" width=\"1373\" height=\"915\" srcset=\"https:\/\/pascalhallou.com\/wp-content\/uploads\/2019\/01\/DSC_4738-1024x682.jpg 1024w, https:\/\/pascalhallou.com\/wp-content\/uploads\/2019\/01\/DSC_4738-300x200.jpg 300w, https:\/\/pascalhallou.com\/wp-content\/uploads\/2019\/01\/DSC_4738-768x512.jpg 768w\" sizes=\"auto, (max-width: 1373px) 100vw, 1373px\" \/><\/p>\n<pre style=\"text-align: center;\"><span style=\"color: #000000;\"><em>Com\u00e9die - 2018<\/em><\/span><\/pre>\n<p>&nbsp;<\/p>\n<p>&nbsp;<\/p>\n<p><img loading=\"lazy\" decoding=\"async\" class=\"aligncenter wp-image-314\" src=\"https:\/\/pascalhallou.com\/wp-content\/uploads\/2018\/12\/DSC_2300-3-1024x683.jpg\" alt=\"\" width=\"1373\" height=\"915\" srcset=\"https:\/\/pascalhallou.com\/wp-content\/uploads\/2018\/12\/DSC_2300-3-1024x683.jpg 1024w, https:\/\/pascalhallou.com\/wp-content\/uploads\/2018\/12\/DSC_2300-3-300x200.jpg 300w, https:\/\/pascalhallou.com\/wp-content\/uploads\/2018\/12\/DSC_2300-3-768x512.jpg 768w\" sizes=\"auto, (max-width: 1373px) 100vw, 1373px\" \/><\/p>\n<pre style=\"text-align: center;\"><span style=\"color: #000000;\"><em><strong>Vibrations - 2018<\/strong><\/em><\/span><\/pre>\n<p>&nbsp;<\/p>\n<p>&nbsp;<\/p>\n<p><img loading=\"lazy\" decoding=\"async\" class=\"aligncenter wp-image-313\" src=\"https:\/\/pascalhallou.com\/wp-content\/uploads\/2018\/12\/DSC_6129-1024x683.jpg\" alt=\"\" width=\"1373\" height=\"915\" srcset=\"https:\/\/pascalhallou.com\/wp-content\/uploads\/2018\/12\/DSC_6129-1024x683.jpg 1024w, https:\/\/pascalhallou.com\/wp-content\/uploads\/2018\/12\/DSC_6129-300x200.jpg 300w, https:\/\/pascalhallou.com\/wp-content\/uploads\/2018\/12\/DSC_6129-768x512.jpg 768w\" sizes=\"auto, (max-width: 1373px) 100vw, 1373px\" \/><\/p>\n<pre style=\"text-align: center;\"><span style=\"color: #000000;\"><em>Trader - 2018<\/em><\/span><\/pre>\n<p>&nbsp;<\/p>\n<h5><\/h5>\n<h5 style=\"text-align: center;\"><img loading=\"lazy\" decoding=\"async\" class=\"aligncenter wp-image-692\" src=\"https:\/\/pascalhallou.com\/wp-content\/uploads\/2019\/01\/DSC_9306-300x200.jpg\" alt=\"\" width=\"1373\" height=\"915\" srcset=\"https:\/\/pascalhallou.com\/wp-content\/uploads\/2019\/01\/DSC_9306-300x200.jpg 300w, https:\/\/pascalhallou.com\/wp-content\/uploads\/2019\/01\/DSC_9306-768x512.jpg 768w, https:\/\/pascalhallou.com\/wp-content\/uploads\/2019\/01\/DSC_9306-1024x683.jpg 1024w\" sizes=\"auto, (max-width: 1373px) 100vw, 1373px\" \/><\/h5>\n<pre style=\"text-align: center;\"><span style=\"color: #000000;\"><em>Nucl\u00e9aire - 2015<\/em><\/span><\/pre>\n<p>&nbsp;<\/p>\n<p><img loading=\"lazy\" decoding=\"async\" class=\"aligncenter wp-image-548\" src=\"https:\/\/pascalhallou.com\/wp-content\/uploads\/2018\/12\/DSC_0107-200x300.jpg\" alt=\"\" width=\"457\" height=\"685\" srcset=\"https:\/\/pascalhallou.com\/wp-content\/uploads\/2018\/12\/DSC_0107-200x300.jpg 200w, https:\/\/pascalhallou.com\/wp-content\/uploads\/2018\/12\/DSC_0107-768x1151.jpg 768w, https:\/\/pascalhallou.com\/wp-content\/uploads\/2018\/12\/DSC_0107-683x1024.jpg 683w\" sizes=\"auto, (max-width: 457px) 100vw, 457px\" \/><\/p>\n<pre style=\"text-align: center;\"><span style=\"color: #000000;\"><em>\r\nInfluences - 2018<\/em><\/span><\/pre>\n<p>&nbsp;<\/p>\n<h5><\/h5>\n<pre style=\"text-align: center;\"><img loading=\"lazy\" decoding=\"async\" class=\"aligncenter wp-image-575\" src=\"https:\/\/pascalhallou.com\/wp-content\/uploads\/2018\/12\/DSCF0097-2-300x193.jpg\" alt=\"\" width=\"1373\" height=\"884\" srcset=\"https:\/\/pascalhallou.com\/wp-content\/uploads\/2018\/12\/DSCF0097-2-300x193.jpg 300w, https:\/\/pascalhallou.com\/wp-content\/uploads\/2018\/12\/DSCF0097-2-768x495.jpg 768w, https:\/\/pascalhallou.com\/wp-content\/uploads\/2018\/12\/DSCF0097-2-1024x659.jpg 1024w, https:\/\/pascalhallou.com\/wp-content\/uploads\/2018\/12\/DSCF0097-2.jpg 1354w\" sizes=\"auto, (max-width: 1373px) 100vw, 1373px\" \/><span style=\"color: #000000;\"><em>\r\nLe beau linge - 2015<\/em><\/span><\/pre>\n","protected":false},"excerpt":{"rendered":"<p>Photomaton &#8211; 2019 &nbsp; &nbsp; Le G\u00e9ant &#8211; 2012 &nbsp; &nbsp; Jet Set &#8211; 2019 &nbsp; &nbsp; La Place &#8211; 2014 &nbsp; &nbsp; Com\u00e9die &#8211; 2018 &nbsp; &nbsp; Vibrations &#8211; 2018 &nbsp; &nbsp; Trader &#8211; 2018 &nbsp; Nucl\u00e9aire &#8211; 2015 &nbsp; Influences &#8211; 2018 &nbsp; Le beau linge &#8211; 2015<\/p>\n","protected":false},"author":1,"featured_media":0,"parent":0,"menu_order":0,"comment_status":"closed","ping_status":"closed","template":"","meta":{"footnotes":""},"class_list":["post-153","page","type-page","status-publish","hentry"],"_links":{"self":[{"href":"https:\/\/pascalhallou.com\/index.php?rest_route=\/wp\/v2\/pages\/153","targetHints":{"allow":["GET"]}}],"collection":[{"href":"https:\/\/pascalhallou.com\/index.php?rest_route=\/wp\/v2\/pages"}],"about":[{"href":"https:\/\/pascalhallou.com\/index.php?rest_route=\/wp\/v2\/types\/page"}],"author":[{"embeddable":true,"href":"https:\/\/pascalhallou.com\/index.php?rest_route=\/wp\/v2\/users\/1"}],"replies":[{"embeddable":true,"href":"https:\/\/pascalhallou.com\/index.php?rest_route=%2Fwp%2Fv2%2Fcomments&post=153"}],"version-history":[{"count":134,"href":"https:\/\/pascalhallou.com\/index.php?rest_route=\/wp\/v2\/pages\/153\/revisions"}],"predecessor-version":[{"id":1730,"href":"https:\/\/pascalhallou.com\/index.php?rest_route=\/wp\/v2\/pages\/153\/revisions\/1730"}],"wp:attachment":[{"href":"https:\/\/pascalhallou.com\/index.php?rest_route=%2Fwp%2Fv2%2Fmedia&parent=153"}],"curies":[{"name":"wp","href":"https:\/\/api.w.org\/{rel}","templated":true}]}}