{"id":2057,"date":"2026-03-15T09:35:00","date_gmt":"2026-03-15T08:35:00","guid":{"rendered":"https:\/\/pascalhallou.com\/?page_id=2057"},"modified":"2026-04-16T16:16:35","modified_gmt":"2026-04-16T14:16:35","slug":"actualite-reflexions-fbk","status":"publish","type":"page","link":"https:\/\/pascalhallou.com\/?page_id=2057","title":{"rendered":"Actualit\u00e9\/Reflexions\/FBK"},"content":{"rendered":"<p><span style=\"color: #ffffff;\">L<span style=\"color: #999999;\">a mati\u00e8re ? Elle est l\u00e0, \u00e9paisse, puissante, vivante, mais elle n\u2019est pas fin en soi, au contraire, elle est sympt\u00f4me &#8211; visible \u00e0 travers les ondulations des vaguelettes \u2013 d\u2019une longue \u00e9laboration ; elle est pr\u00e9misse et t\u00e9moin d\u2019une qu\u00eate ent\u00eat\u00e9e vers l\u2019aboutissement total, vers l\u2019image d\u00e9finitive et autonome ; elle est lieu de rencontre entre le peintre et son \u0153uvre ; elle est le lieu d\u2019apparition de la forme. \u00a0 \u00a0 Chaque toile disparait totalement sous une infinit\u00e9 de couches (une centaine, parfois) d\u2019une myst\u00e9rieuse mixture faite de pigments, r\u00e9sines, solvants, fruit d\u2019une longue exp\u00e9rimentation, et chaque couche est en soi une \u00e9tape, une marche, une image latente vers une image enfin d\u00e9voil\u00e9e, accomplie, rencontr\u00e9e un beau jour o\u00f9 le peintre, r\u00e9compens\u00e9, sait que c\u2019est elle, pas une autre, un beau jour de r\u00e9v\u00e9lation. Sur la surface de la derni\u00e8re page se lit la R\u00e9v\u00e9lation, et dans l\u2019\u00e9paisseur se lit l\u2019Homme peignant. \u00a0 \u00a0 Le tableau d\u00e9finitif est la symbiose de s\u00e9dimentations successives, de fusions et de diffusions, de repentirs et d\u2019effacements, de volont\u00e9s et de hasards et tout y est dit : le temps qui passe, avec ses espoirs en le futur et les angoisses du pr\u00e9sent, mais aussi l\u2019action souvent interrompue, mais aussi la pause picturale qui laisse place \u00e0 la maturation, \u00e0 la mutation et \u00e0 la contemplation, mais aussi le laisser-faire, le l\u00e2cher-prise, mais encore la modestie devant le hasard ou l\u2019incertitude, la force de la certitude, ou bien la patience de l\u2019alchimiste\u2026 et on pourrait d\u00e9couvrir encore bien des choses de l\u2019homme qui peint, tellement il s\u2019implique et se s\u00e9dimente corps et \u00e2me dans sa peinture. L\u2019exp\u00e9rience l\u2019\u00e9motion et le temps se sont densifi\u00e9s dans la mati\u00e8re, et, in fine, de la derni\u00e8re image vibrante, magique, o\u00f9 le bleu na\u00eet du rouge, de cette derni\u00e8re image g\u00e9n\u00e9reuse, expansive, na\u00eet la rencontre amoureuse, ineffable, existentielle. \u00a0 \u00a0Pascal Hallou a toujours voulu lier \u00e9troitement sa condition de peintre et sa condition d\u2019homme du 20\u00e8me si\u00e8cle, et cela voulait dire prendre pleinement conscience des contraintes de l\u2019environnement quotidien, le quotidien en 1999, c\u2019est se zapper entre plusieurs vies : celle de conjoint, celle de parent, celle d\u2019homme social, celle d\u2019homme au travail ; c\u2019est se laisser porter par ces rythmes effr\u00e9n\u00e9s et tenter de les unifier, de les pacifier, de les transcender. Ces rythmes hach\u00e9s ont pr\u00e9d\u00e9termin\u00e9 le choix de sa technique picturale tr\u00e8s personnelle : peindre par petits morceaux de temps, laisser \u00e0 la mati\u00e8re la possibilit\u00e9 de vivre toute seule sa vie ou son repos de mati\u00e8re feuillet\u00e9e, peindre plusieurs toiles \u00e0 la fois, faire des allers et retours entre les petits et les grands formats, ou entre les \u0153uvres rapides, plus proches du dessin, et les \u0153uvres lentes, attendre chaque fois le miracle d\u00e9finitif. Pas d\u2019urgence, jamais. Une longue qu\u00eate pleine de soupirs et d\u2019exp\u00e9riences nourrissant le devenir, qui sous-tendant \u00a0l\u2019apparition finale. \u00a0 \u00a0 Pascal Hallou, \u00e0 travers son \u0153uvre se sent \u00eatre une sorte de m\u00e9dium des m\u00e2nes de tous ses pr\u00e9d\u00e9cesseurs peintres. Il accepte avec fatalit\u00e9 cette mission de vecteur de forces ant\u00e9rieures, cette int\u00e9gration dans la continuit\u00e9 de l\u2019histoire de la cr\u00e9ation artistique humaine. \u00a0 \u00a0 \u00a0A la Galerie Lillebonne, il nous d\u00e9voile ses grands formats des derni\u00e8res ann\u00e9es. Contrairement aux petits formats, il les peint verticalement, contrainte technique pour que la toile ne s\u2019affaisse pas sous le poids des couches. Cette verticalit\u00e9 donne un dynamisme et une tension \u00e0 la toile en s\u2019opposant \u00e0 l\u2019horizontalit\u00e9 des vaguelettes n\u00e9es curieusement de l\u2019\u00e9coulement de la peinture. \u00a0 \u00a0 Il nous donne \u00e0 voir probablement du jamais vu : de fantomatiques et \u00e9th\u00e9r\u00e9es apparitions de formes, enti\u00e8rement fondues dans un fond magmateux ou sablonneux v\u00e9ritable gen\u00e8se de l\u2019\u0153uvre. \u00a0 \u00a0 Et nous terminons en citant le peintre lui-m\u00eame \u00e9crivain entre deux toile\u2026 : \u00ab nous avons pu \u00e9mettre l\u2019hypoth\u00e8se d\u2019une peinture constitu\u00e9e de diff\u00e9rentes couches successives, actions effac\u00e9es, qui se synth\u00e9tisent en une peinture mati\u00e8re \u00e9nonciatrice, voire annonciatrice. Le pass\u00e9 (la m\u00e9moire) s\u2019actualise \u00bb. Puis cite G.Roetz \u00e0 propos d\u2019Angeletti : \u00ab la peinture s\u2019\u00e9nonce, s\u2019\u00e9crit sur le chaos du monde, dans le quotidien \u00bb et plus loin, M.Dufrenne : \u00ab Ce que le peintre, \u00e0 force de patience, veut voir et nous donner \u00e0 voir, c\u2019est la naissance ; il veut surprendre ce moment o\u00f9 les choses se font choses et le monde monde \u00bb. M. F. LEQUOY POIRE<\/span><\/span><\/p>\n<p>&nbsp;<\/p>\n<h4 class=\"_3kuJS _3d1Zj _3bIjt\">Pascal Hallou (((((((( par l&rsquo;IA<\/h4>\n<p class=\"_3kuJS _2ti96\"><strong class=\"_3kuJS _26fqB\">Pascal Hallou<\/strong>\u00a0est un artiste peintre dont l&rsquo;\u0153uvre se caract\u00e9rise par une approche unique de la peinture, int\u00e9grant des \u00e9l\u00e9ments de son v\u00e9cu personnel et des r\u00e9flexions sur le temps et la mati\u00e8re. Ses peintures sont souvent le r\u00e9sultat d&rsquo;une\u00a0<strong class=\"_3kuJS _26fqB\">longue \u00e9laboration<\/strong>, o\u00f9 chaque toile est construite \u00e0 partir de\u00a0<strong class=\"_3kuJS _26fqB\">centaines de couches<\/strong>\u00a0de pigments, r\u00e9sines et solvants, t\u00e9moignant d&rsquo;une qu\u00eate vers une image d\u00e9finitive.<\/p>\n<h3 class=\"_3kuJS sPMJn _3bIjt\">Th\u00e8mes et Techniques<\/h3>\n<ul>\n<li class=\"_3kuJS _2ti96 _3bIjt\">\n<p class=\"_3kuJS _2ti96\"><strong class=\"_3kuJS _26fqB\">Mati\u00e8re et Processus<\/strong>\u00a0: Hallou consid\u00e8re la mati\u00e8re comme un\u00a0<strong class=\"_3kuJS _26fqB\">sympt\u00f4me<\/strong>\u00a0de son processus cr\u00e9atif. Chaque couche de peinture repr\u00e9sente une \u00e9tape vers la r\u00e9v\u00e9lation de l&rsquo;\u0153uvre finale.<\/p>\n<\/li>\n<li class=\"_3kuJS _2ti96 _3bIjt\">\n<p class=\"_3kuJS _2ti96\"><strong class=\"_3kuJS _26fqB\">Temps et Exp\u00e9rience<\/strong>\u00a0: Son travail refl\u00e8te les\u00a0<strong class=\"_3kuJS _26fqB\">angoisses du pr\u00e9sent<\/strong>\u00a0et les\u00a0<strong class=\"_3kuJS _26fqB\">espoirs pour l&rsquo;avenir<\/strong>, int\u00e9grant des \u00e9l\u00e9ments de sa vie quotidienne, notamment ses r\u00f4les de conjoint, parent et professionnel.<\/p>\n<\/li>\n<li class=\"_3kuJS _2ti96 _3bIjt\">\n<p class=\"_3kuJS _2ti96\"><strong class=\"_3kuJS _26fqB\">Verticalit\u00e9 des Toiles<\/strong>\u00a0: Dans ses grands formats, il peint verticalement pour \u00e9viter que les couches de peinture ne s&rsquo;affaissent, ce qui cr\u00e9e une\u00a0<strong class=\"_3kuJS _26fqB\">tension dynamique<\/strong>\u00a0dans ses \u0153uvres.<\/p>\n<\/li>\n<\/ul>\n<h3 class=\"_3kuJS sPMJn _3bIjt\">Expositions<\/h3>\n<p class=\"_3kuJS _2ti96\">Hallou a expos\u00e9 ses \u0153uvres \u00e0 la\u00a0<strong class=\"_3kuJS _26fqB\">Galerie Lillebonne<\/strong>\u00a0et \u00e0 la\u00a0<strong class=\"_3kuJS _26fqB\">Galerie Cour Carr\u00e9e<\/strong>\u00a0\u00e0 Paris, o\u00f9 il pr\u00e9sente des \u0153uvres qui explorent les th\u00e8mes du r\u00eave et de la m\u00e9moire. Ses expositions sont accessibles au public du\u00a0<span id=\"OBJ_PREFIX_DWT167_com_zimbra_date\" class=\"Object\">mercredi<\/span>\u00a0au\u00a0<span id=\"OBJ_PREFIX_DWT168_com_zimbra_date\" class=\"Object\">samedi<\/span>, avec possibilit\u00e9 de rendez-vous.<\/p>\n<h3 class=\"_3kuJS sPMJn _3bIjt\">Citations et R\u00e9flexions<\/h3>\n<p class=\"_3kuJS _2ti96\">Il exprime que la peinture est un moyen de\u00a0<strong class=\"_3kuJS _26fqB\">dig\u00e9rer<\/strong>\u00a0les images du monde et de\u00a0<strong class=\"_3kuJS _26fqB\">r\u00e9gurgiter<\/strong>\u00a0des r\u00eaves, soulignant la force de l&rsquo;imagination humaine face \u00e0 la r\u00e9alit\u00e9. Hallou se voit comme un\u00a0<strong class=\"_3kuJS _26fqB\">m\u00e9dium<\/strong>\u00a0des forces artistiques pass\u00e9es, int\u00e9grant l&rsquo;histoire de la cr\u00e9ation artistique dans son travail.<\/p>\n<p class=\"_3kuJS _2ti96\">Pour plus d&rsquo;informations sur ses \u0153uvres et ses expositions, vous pouvez consulter les galeries o\u00f9 il est repr\u00e9sent\u00e9, telles que la\u00a0<strong class=\"_3kuJS _26fqB\">Galerie Cour Carr\u00e9e<\/strong>\u00a0et la\u00a0<strong class=\"_3kuJS _26fqB\">Galerie Aki\u00e9 Arichi<\/strong>.<\/p>\n","protected":false},"excerpt":{"rendered":"<p>La mati\u00e8re ? Elle est l\u00e0, \u00e9paisse, puissante, vivante, mais elle n\u2019est pas fin en soi, au contraire, elle est sympt\u00f4me &#8211; visible \u00e0 travers les ondulations des vaguelettes \u2013 d\u2019une longue \u00e9laboration ; elle est pr\u00e9misse et t\u00e9moin d\u2019une qu\u00eate ent\u00eat\u00e9e vers l\u2019aboutissement total, vers l\u2019image d\u00e9finitive et autonome ; elle est lieu de&hellip; <br \/> <a class=\"read-more\" href=\"https:\/\/pascalhallou.com\/?page_id=2057\">Lire la suite<\/a><\/p>\n","protected":false},"author":1,"featured_media":0,"parent":0,"menu_order":0,"comment_status":"closed","ping_status":"closed","template":"","meta":{"footnotes":""},"class_list":["post-2057","page","type-page","status-publish","hentry"],"_links":{"self":[{"href":"https:\/\/pascalhallou.com\/index.php?rest_route=\/wp\/v2\/pages\/2057","targetHints":{"allow":["GET"]}}],"collection":[{"href":"https:\/\/pascalhallou.com\/index.php?rest_route=\/wp\/v2\/pages"}],"about":[{"href":"https:\/\/pascalhallou.com\/index.php?rest_route=\/wp\/v2\/types\/page"}],"author":[{"embeddable":true,"href":"https:\/\/pascalhallou.com\/index.php?rest_route=\/wp\/v2\/users\/1"}],"replies":[{"embeddable":true,"href":"https:\/\/pascalhallou.com\/index.php?rest_route=%2Fwp%2Fv2%2Fcomments&post=2057"}],"version-history":[{"count":8,"href":"https:\/\/pascalhallou.com\/index.php?rest_route=\/wp\/v2\/pages\/2057\/revisions"}],"predecessor-version":[{"id":2092,"href":"https:\/\/pascalhallou.com\/index.php?rest_route=\/wp\/v2\/pages\/2057\/revisions\/2092"}],"wp:attachment":[{"href":"https:\/\/pascalhallou.com\/index.php?rest_route=%2Fwp%2Fv2%2Fmedia&parent=2057"}],"curies":[{"name":"wp","href":"https:\/\/api.w.org\/{rel}","templated":true}]}}