{"id":22,"date":"2018-10-14T20:11:39","date_gmt":"2018-10-14T18:11:39","guid":{"rendered":"http:\/\/pascalhallou.com\/?page_id=22"},"modified":"2026-04-16T10:46:32","modified_gmt":"2026-04-16T08:46:32","slug":"accueil","status":"publish","type":"page","link":"https:\/\/pascalhallou.com\/?page_id=22","title":{"rendered":""},"content":{"rendered":"<p>&nbsp;<\/p>\n<p>&nbsp;<\/p>\n<p><span style=\"color: #ffffff;\"><strong><em>Tout sera peinture, son histoire originelle est vivante et persistante. <\/em><\/strong><strong><em>Inscrite dans nos m\u00e9moires, elle filtre <\/em><\/strong><strong style=\"background-color: transparent;\"><em>nos r\u00e9alit\u00e9s, notre pr\u00e9sent, d\u00e9j\u00e0 pass\u00e9s .<\/em><\/strong><\/span><\/p>\n<p><span style=\"color: #ffffff;\"><strong><em>Sa permanence, ses enjeux sous-jacents, son vieillissement ainsi que ses renaissances<\/em> imposent<em> le respect\u2026<\/em><\/strong><\/span><\/p>\n<p><span style=\"color: #ffffff;\"><strong><i>Plus humaine que l&rsquo;humain, elle enseigne, surprend, se donne par des vies sacrifi\u00e9es.<\/i><\/strong><\/span><\/p>\n<p><span style=\"color: #ffffff;\"><strong><em>L&rsquo;interroger, par tous moyens, comme une derni\u00e8re pri\u00e8re<\/em><i>\u2026<\/i><\/strong><\/span><\/p>\n<p>&nbsp;<\/p>\n<p><img loading=\"lazy\" decoding=\"async\" class=\"size-large wp-image-1935 aligncenter\" src=\"https:\/\/pascalhallou.com\/wp-content\/uploads\/2026\/03\/DSC05625xEcheances-683x1024.jpg\" alt=\"\" width=\"683\" height=\"1024\" srcset=\"https:\/\/pascalhallou.com\/wp-content\/uploads\/2026\/03\/DSC05625xEcheances-683x1024.jpg 683w, https:\/\/pascalhallou.com\/wp-content\/uploads\/2026\/03\/DSC05625xEcheances-200x300.jpg 200w, https:\/\/pascalhallou.com\/wp-content\/uploads\/2026\/03\/DSC05625xEcheances-768x1152.jpg 768w, https:\/\/pascalhallou.com\/wp-content\/uploads\/2026\/03\/DSC05625xEcheances-1024x1536.jpg 1024w, https:\/\/pascalhallou.com\/wp-content\/uploads\/2026\/03\/DSC05625xEcheances-1365x2048.jpg 1365w, https:\/\/pascalhallou.com\/wp-content\/uploads\/2026\/03\/DSC05625xEcheances-720x1080.jpg 720w, https:\/\/pascalhallou.com\/wp-content\/uploads\/2026\/03\/DSC05625xEcheances-scaled.jpg 1707w\" sizes=\"auto, (max-width: 683px) 100vw, 683px\" \/><\/p>\n<p>&nbsp;<\/p>\n<p><img loading=\"lazy\" decoding=\"async\" class=\"size-large wp-image-1928 aligncenter\" src=\"https:\/\/pascalhallou.com\/wp-content\/uploads\/2026\/03\/DSC05058xxAjax-683x1024.jpg\" alt=\"\" width=\"683\" height=\"1024\" srcset=\"https:\/\/pascalhallou.com\/wp-content\/uploads\/2026\/03\/DSC05058xxAjax-683x1024.jpg 683w, https:\/\/pascalhallou.com\/wp-content\/uploads\/2026\/03\/DSC05058xxAjax-200x300.jpg 200w, https:\/\/pascalhallou.com\/wp-content\/uploads\/2026\/03\/DSC05058xxAjax-768x1152.jpg 768w, https:\/\/pascalhallou.com\/wp-content\/uploads\/2026\/03\/DSC05058xxAjax-1024x1536.jpg 1024w, https:\/\/pascalhallou.com\/wp-content\/uploads\/2026\/03\/DSC05058xxAjax-1365x2048.jpg 1365w, https:\/\/pascalhallou.com\/wp-content\/uploads\/2026\/03\/DSC05058xxAjax-720x1080.jpg 720w, https:\/\/pascalhallou.com\/wp-content\/uploads\/2026\/03\/DSC05058xxAjax-scaled.jpg 1707w\" sizes=\"auto, (max-width: 683px) 100vw, 683px\" \/><\/p>\n<p>&nbsp;<\/p>\n<p><img loading=\"lazy\" decoding=\"async\" class=\"size-large wp-image-1904 aligncenter\" src=\"https:\/\/pascalhallou.com\/wp-content\/uploads\/2026\/03\/22042024-DSC00092-3-1024x683.jpg\" alt=\"\" width=\"1024\" height=\"683\" srcset=\"https:\/\/pascalhallou.com\/wp-content\/uploads\/2026\/03\/22042024-DSC00092-3-1024x683.jpg 1024w, https:\/\/pascalhallou.com\/wp-content\/uploads\/2026\/03\/22042024-DSC00092-3-300x200.jpg 300w, https:\/\/pascalhallou.com\/wp-content\/uploads\/2026\/03\/22042024-DSC00092-3-768x512.jpg 768w, https:\/\/pascalhallou.com\/wp-content\/uploads\/2026\/03\/22042024-DSC00092-3-1536x1024.jpg 1536w, https:\/\/pascalhallou.com\/wp-content\/uploads\/2026\/03\/22042024-DSC00092-3-2048x1365.jpg 2048w, https:\/\/pascalhallou.com\/wp-content\/uploads\/2026\/03\/22042024-DSC00092-3-1620x1080.jpg 1620w\" sizes=\"auto, (max-width: 1024px) 100vw, 1024px\" \/><\/p>\n<p>&nbsp;<\/p>\n<p><img loading=\"lazy\" decoding=\"async\" class=\"size-large wp-image-1167 aligncenter\" src=\"https:\/\/pascalhallou.com\/wp-content\/uploads\/2020\/03\/DSC_2103-3non-mais-allo-683x1024.jpg\" alt=\"\" width=\"683\" height=\"1024\" srcset=\"https:\/\/pascalhallou.com\/wp-content\/uploads\/2020\/03\/DSC_2103-3non-mais-allo-683x1024.jpg 683w, https:\/\/pascalhallou.com\/wp-content\/uploads\/2020\/03\/DSC_2103-3non-mais-allo-200x300.jpg 200w, https:\/\/pascalhallou.com\/wp-content\/uploads\/2020\/03\/DSC_2103-3non-mais-allo-768x1152.jpg 768w, https:\/\/pascalhallou.com\/wp-content\/uploads\/2020\/03\/DSC_2103-3non-mais-allo-1024x1536.jpg 1024w, https:\/\/pascalhallou.com\/wp-content\/uploads\/2020\/03\/DSC_2103-3non-mais-allo-1365x2048.jpg 1365w, https:\/\/pascalhallou.com\/wp-content\/uploads\/2020\/03\/DSC_2103-3non-mais-allo-scaled.jpg 1706w\" sizes=\"auto, (max-width: 683px) 100vw, 683px\" \/><\/p>\n<p>&nbsp;<\/p>\n<p><img loading=\"lazy\" decoding=\"async\" class=\"size-large wp-image-1517 aligncenter\" src=\"https:\/\/pascalhallou.com\/wp-content\/uploads\/2021\/04\/DSC_9794-3la-giraffe-683x1024.jpg\" alt=\"\" width=\"683\" height=\"1024\" srcset=\"https:\/\/pascalhallou.com\/wp-content\/uploads\/2021\/04\/DSC_9794-3la-giraffe-683x1024.jpg 683w, https:\/\/pascalhallou.com\/wp-content\/uploads\/2021\/04\/DSC_9794-3la-giraffe-200x300.jpg 200w, https:\/\/pascalhallou.com\/wp-content\/uploads\/2021\/04\/DSC_9794-3la-giraffe-768x1151.jpg 768w, https:\/\/pascalhallou.com\/wp-content\/uploads\/2021\/04\/DSC_9794-3la-giraffe-1025x1536.jpg 1025w, https:\/\/pascalhallou.com\/wp-content\/uploads\/2021\/04\/DSC_9794-3la-giraffe-1367x2048.jpg 1367w, https:\/\/pascalhallou.com\/wp-content\/uploads\/2021\/04\/DSC_9794-3la-giraffe-1024x1534.jpg 1024w, https:\/\/pascalhallou.com\/wp-content\/uploads\/2021\/04\/DSC_9794-3la-giraffe-721x1080.jpg 721w, https:\/\/pascalhallou.com\/wp-content\/uploads\/2021\/04\/DSC_9794-3la-giraffe-scaled.jpg 1709w\" sizes=\"auto, (max-width: 683px) 100vw, 683px\" \/><\/p>\n<p>&nbsp;<\/p>\n<p><span style=\"color: #000000;\"><em><img loading=\"lazy\" decoding=\"async\" class=\"size-large wp-image-1343 aligncenter\" src=\"https:\/\/pascalhallou.com\/wp-content\/uploads\/2021\/03\/103040136_1284924321703941_8478426703477018445_o-1024x684.jpg\" alt=\"\" width=\"1024\" height=\"684\" srcset=\"https:\/\/pascalhallou.com\/wp-content\/uploads\/2021\/03\/103040136_1284924321703941_8478426703477018445_o-1024x684.jpg 1024w, https:\/\/pascalhallou.com\/wp-content\/uploads\/2021\/03\/103040136_1284924321703941_8478426703477018445_o-300x200.jpg 300w, https:\/\/pascalhallou.com\/wp-content\/uploads\/2021\/03\/103040136_1284924321703941_8478426703477018445_o-768x513.jpg 768w, https:\/\/pascalhallou.com\/wp-content\/uploads\/2021\/03\/103040136_1284924321703941_8478426703477018445_o-1536x1025.jpg 1536w, https:\/\/pascalhallou.com\/wp-content\/uploads\/2021\/03\/103040136_1284924321703941_8478426703477018445_o-1618x1080.jpg 1618w, https:\/\/pascalhallou.com\/wp-content\/uploads\/2021\/03\/103040136_1284924321703941_8478426703477018445_o.jpg 2048w\" sizes=\"auto, (max-width: 1024px) 100vw, 1024px\" \/><\/em><\/span><i><\/i><\/p>\n<p>&nbsp;<\/p>\n<p><img loading=\"lazy\" decoding=\"async\" class=\"size-large wp-image-692 aligncenter\" src=\"https:\/\/pascalhallou.com\/wp-content\/uploads\/2019\/01\/DSC_9306-1024x683.jpg\" alt=\"\" width=\"1024\" height=\"683\" srcset=\"https:\/\/pascalhallou.com\/wp-content\/uploads\/2019\/01\/DSC_9306-1024x683.jpg 1024w, https:\/\/pascalhallou.com\/wp-content\/uploads\/2019\/01\/DSC_9306-300x200.jpg 300w, https:\/\/pascalhallou.com\/wp-content\/uploads\/2019\/01\/DSC_9306-768x512.jpg 768w\" sizes=\"auto, (max-width: 1024px) 100vw, 1024px\" \/><\/p>\n<p>&nbsp;<\/p>\n<p><img loading=\"lazy\" decoding=\"async\" class=\"size-large wp-image-1340 aligncenter\" src=\"https:\/\/pascalhallou.com\/wp-content\/uploads\/2021\/03\/70671319_1063015830561459_7643876051151486976_o-1024x684.jpg\" alt=\"\" width=\"1024\" height=\"684\" srcset=\"https:\/\/pascalhallou.com\/wp-content\/uploads\/2021\/03\/70671319_1063015830561459_7643876051151486976_o-1024x684.jpg 1024w, https:\/\/pascalhallou.com\/wp-content\/uploads\/2021\/03\/70671319_1063015830561459_7643876051151486976_o-300x200.jpg 300w, https:\/\/pascalhallou.com\/wp-content\/uploads\/2021\/03\/70671319_1063015830561459_7643876051151486976_o-768x513.jpg 768w, https:\/\/pascalhallou.com\/wp-content\/uploads\/2021\/03\/70671319_1063015830561459_7643876051151486976_o-1536x1025.jpg 1536w, https:\/\/pascalhallou.com\/wp-content\/uploads\/2021\/03\/70671319_1063015830561459_7643876051151486976_o-1618x1080.jpg 1618w, https:\/\/pascalhallou.com\/wp-content\/uploads\/2021\/03\/70671319_1063015830561459_7643876051151486976_o.jpg 2048w\" sizes=\"auto, (max-width: 1024px) 100vw, 1024px\" \/><\/p>\n<p>&nbsp;<\/p>\n<p><img loading=\"lazy\" decoding=\"async\" class=\"size-large wp-image-1328 aligncenter\" src=\"https:\/\/pascalhallou.com\/wp-content\/uploads\/2021\/03\/28701363_725772897619089_8367126645938749976_o-1024x684.jpg\" alt=\"\" width=\"1024\" height=\"684\" srcset=\"https:\/\/pascalhallou.com\/wp-content\/uploads\/2021\/03\/28701363_725772897619089_8367126645938749976_o-1024x684.jpg 1024w, https:\/\/pascalhallou.com\/wp-content\/uploads\/2021\/03\/28701363_725772897619089_8367126645938749976_o-300x200.jpg 300w, https:\/\/pascalhallou.com\/wp-content\/uploads\/2021\/03\/28701363_725772897619089_8367126645938749976_o-768x513.jpg 768w, https:\/\/pascalhallou.com\/wp-content\/uploads\/2021\/03\/28701363_725772897619089_8367126645938749976_o-1536x1025.jpg 1536w, https:\/\/pascalhallou.com\/wp-content\/uploads\/2021\/03\/28701363_725772897619089_8367126645938749976_o-1618x1080.jpg 1618w, https:\/\/pascalhallou.com\/wp-content\/uploads\/2021\/03\/28701363_725772897619089_8367126645938749976_o.jpg 2048w\" sizes=\"auto, (max-width: 1024px) 100vw, 1024px\" \/><\/p>\n<p>&nbsp;<\/p>\n<p><img loading=\"lazy\" decoding=\"async\" class=\"size-large wp-image-1319 aligncenter\" src=\"https:\/\/pascalhallou.com\/wp-content\/uploads\/2021\/03\/17212275_570854186444295_5103714965591891662_o-1024x768.jpg\" alt=\"\" width=\"1024\" height=\"768\" srcset=\"https:\/\/pascalhallou.com\/wp-content\/uploads\/2021\/03\/17212275_570854186444295_5103714965591891662_o-1024x768.jpg 1024w, https:\/\/pascalhallou.com\/wp-content\/uploads\/2021\/03\/17212275_570854186444295_5103714965591891662_o-300x225.jpg 300w, https:\/\/pascalhallou.com\/wp-content\/uploads\/2021\/03\/17212275_570854186444295_5103714965591891662_o-768x576.jpg 768w, https:\/\/pascalhallou.com\/wp-content\/uploads\/2021\/03\/17212275_570854186444295_5103714965591891662_o-1536x1152.jpg 1536w, https:\/\/pascalhallou.com\/wp-content\/uploads\/2021\/03\/17212275_570854186444295_5103714965591891662_o-1440x1080.jpg 1440w, https:\/\/pascalhallou.com\/wp-content\/uploads\/2021\/03\/17212275_570854186444295_5103714965591891662_o.jpg 2048w\" sizes=\"auto, (max-width: 1024px) 100vw, 1024px\" \/><\/p>\n<p>&nbsp;<\/p>\n<p><img loading=\"lazy\" decoding=\"async\" class=\"size-large wp-image-1316 aligncenter\" src=\"https:\/\/pascalhallou.com\/wp-content\/uploads\/2021\/03\/11999729_384440825085633_7554837135629764724_o-1024x683.jpg\" alt=\"\" width=\"1024\" height=\"683\" srcset=\"https:\/\/pascalhallou.com\/wp-content\/uploads\/2021\/03\/11999729_384440825085633_7554837135629764724_o-1024x683.jpg 1024w, https:\/\/pascalhallou.com\/wp-content\/uploads\/2021\/03\/11999729_384440825085633_7554837135629764724_o-300x200.jpg 300w, https:\/\/pascalhallou.com\/wp-content\/uploads\/2021\/03\/11999729_384440825085633_7554837135629764724_o-768x512.jpg 768w, https:\/\/pascalhallou.com\/wp-content\/uploads\/2021\/03\/11999729_384440825085633_7554837135629764724_o-1536x1024.jpg 1536w, https:\/\/pascalhallou.com\/wp-content\/uploads\/2021\/03\/11999729_384440825085633_7554837135629764724_o-1620x1080.jpg 1620w, https:\/\/pascalhallou.com\/wp-content\/uploads\/2021\/03\/11999729_384440825085633_7554837135629764724_o.jpg 2048w\" sizes=\"auto, (max-width: 1024px) 100vw, 1024px\" \/><\/p>\n<p>&nbsp;<\/p>\n<p><img loading=\"lazy\" decoding=\"async\" class=\"size-large wp-image-1347 aligncenter\" src=\"https:\/\/pascalhallou.com\/wp-content\/uploads\/2021\/03\/123136923_1403804109815961_1345164306492062853_o-1024x655.jpg\" alt=\"\" width=\"1024\" height=\"655\" srcset=\"https:\/\/pascalhallou.com\/wp-content\/uploads\/2021\/03\/123136923_1403804109815961_1345164306492062853_o-1024x655.jpg 1024w, https:\/\/pascalhallou.com\/wp-content\/uploads\/2021\/03\/123136923_1403804109815961_1345164306492062853_o-300x192.jpg 300w, https:\/\/pascalhallou.com\/wp-content\/uploads\/2021\/03\/123136923_1403804109815961_1345164306492062853_o-768x491.jpg 768w, https:\/\/pascalhallou.com\/wp-content\/uploads\/2021\/03\/123136923_1403804109815961_1345164306492062853_o.jpg 1080w\" sizes=\"auto, (max-width: 1024px) 100vw, 1024px\" \/><\/p>\n<p>&nbsp;<\/p>\n<p><img loading=\"lazy\" decoding=\"async\" class=\"size-large wp-image-1932 aligncenter\" src=\"https:\/\/pascalhallou.com\/wp-content\/uploads\/2026\/03\/21042022-DSC03014-2Pub-780x1024.jpg\" alt=\"\" width=\"780\" height=\"1024\" srcset=\"https:\/\/pascalhallou.com\/wp-content\/uploads\/2026\/03\/21042022-DSC03014-2Pub-780x1024.jpg 780w, https:\/\/pascalhallou.com\/wp-content\/uploads\/2026\/03\/21042022-DSC03014-2Pub-228x300.jpg 228w, https:\/\/pascalhallou.com\/wp-content\/uploads\/2026\/03\/21042022-DSC03014-2Pub-768x1009.jpg 768w, https:\/\/pascalhallou.com\/wp-content\/uploads\/2026\/03\/21042022-DSC03014-2Pub-1169x1536.jpg 1169w, https:\/\/pascalhallou.com\/wp-content\/uploads\/2026\/03\/21042022-DSC03014-2Pub-1559x2048.jpg 1559w, https:\/\/pascalhallou.com\/wp-content\/uploads\/2026\/03\/21042022-DSC03014-2Pub-1024x1345.jpg 1024w, https:\/\/pascalhallou.com\/wp-content\/uploads\/2026\/03\/21042022-DSC03014-2Pub-822x1080.jpg 822w, https:\/\/pascalhallou.com\/wp-content\/uploads\/2026\/03\/21042022-DSC03014-2Pub-scaled.jpg 1949w\" sizes=\"auto, (max-width: 780px) 100vw, 780px\" \/><\/p>\n<p>&nbsp;<\/p>\n","protected":false},"excerpt":{"rendered":"<p>&nbsp; &nbsp; Tout sera peinture, son histoire originelle est vivante et persistante. Inscrite dans nos m\u00e9moires, elle filtre nos r\u00e9alit\u00e9s, notre pr\u00e9sent, d\u00e9j\u00e0 pass\u00e9s . Sa permanence, ses enjeux sous-jacents, son vieillissement ainsi que ses renaissances imposent le respect\u2026 Plus humaine que l&rsquo;humain, elle enseigne, surprend, se donne par des vies sacrifi\u00e9es. L&rsquo;interroger, par tous&hellip; <br \/> <a class=\"read-more\" href=\"https:\/\/pascalhallou.com\/?page_id=22\">Lire la suite<\/a><\/p>\n","protected":false},"author":1,"featured_media":0,"parent":0,"menu_order":0,"comment_status":"closed","ping_status":"closed","template":"","meta":{"footnotes":""},"class_list":["post-22","page","type-page","status-publish","hentry"],"_links":{"self":[{"href":"https:\/\/pascalhallou.com\/index.php?rest_route=\/wp\/v2\/pages\/22","targetHints":{"allow":["GET"]}}],"collection":[{"href":"https:\/\/pascalhallou.com\/index.php?rest_route=\/wp\/v2\/pages"}],"about":[{"href":"https:\/\/pascalhallou.com\/index.php?rest_route=\/wp\/v2\/types\/page"}],"author":[{"embeddable":true,"href":"https:\/\/pascalhallou.com\/index.php?rest_route=\/wp\/v2\/users\/1"}],"replies":[{"embeddable":true,"href":"https:\/\/pascalhallou.com\/index.php?rest_route=%2Fwp%2Fv2%2Fcomments&post=22"}],"version-history":[{"count":286,"href":"https:\/\/pascalhallou.com\/index.php?rest_route=\/wp\/v2\/pages\/22\/revisions"}],"predecessor-version":[{"id":2084,"href":"https:\/\/pascalhallou.com\/index.php?rest_route=\/wp\/v2\/pages\/22\/revisions\/2084"}],"wp:attachment":[{"href":"https:\/\/pascalhallou.com\/index.php?rest_route=%2Fwp%2Fv2%2Fmedia&parent=22"}],"curies":[{"name":"wp","href":"https:\/\/api.w.org\/{rel}","templated":true}]}}